{"id":3641,"date":"2016-12-21T09:26:28","date_gmt":"2016-12-21T09:26:28","guid":{"rendered":"http:\/\/attorney-at-law.cmsmasters.net\/?page_id=3641"},"modified":"2026-03-17T16:20:06","modified_gmt":"2026-03-17T13:20:06","slug":"home-main","status":"publish","type":"page","link":"https:\/\/emep.org\/en\/","title":{"rendered":"Home"},"content":{"rendered":"<style type=\"text\/css\" data-type=\"vc_cmsms_shortcodes-custom-css\"><\/style><p>[vc_row full_width=&#8221;stretch_row&#8221; css=&#8221;.vc_custom_1642702678654{margin-top: 35px !important;padding-bottom: 10px !important;}&#8221;][vc_column css=&#8221;.vc_custom_1642275465749{padding-bottom: 10px !important;}&#8221;][vc_row_inner][vc_column_inner width=&#8221;5\/6&#8243;][vc_custom_heading text=&#8221;EMEP is a member of the International Conference of Marxist-Leninist Parties and Organizations (CIPOML).&#8221; font_container=&#8221;tag:h3|font_size:18|text_align:left|color:%23000000&#8243; use_theme_fonts=&#8221;yes&#8221; css=&#8221;.vc_custom_1642702663064{padding-top: 10px !important;}&#8221;][\/vc_column_inner][vc_column_inner width=&#8221;1\/6&#8243;][cmsms_button text=&#8221;VISIT CIPOML&#8221; alignment=&#8221;right&#8221; icon_alignment=&#8221;right&#8221; uniqid=&#8221;cmsms_shcd_61e5d43524e416_63706617&#8243; text_settings=&#8221;true&#8221; add_icon=&#8221;true&#8221; icon=&#8221;Theme-Default-Icons-arrow-small-right&#8221; icon_size=&#8221;20&#8243; icon_gap=&#8221;3&#8243; text_font_size=&#8221;12&#8243; css=&#8221;.vc_custom_1642452051938{padding-top: 5px !important;}&#8221; link=&#8221;url:http%3A%2F%2Fcipoml.net%2Fen%2F|target:_blank&#8221;][\/vc_column_inner][\/vc_row_inner][\/vc_column][\/vc_row][vc_row disable_element=&#8221;yes&#8221; css=&#8221;.vc_custom_1642453110853{margin-top: 0px !important;border-top-width: 0px !important;padding-top: 0px !important;padding-bottom: 20px !important;}&#8221;][vc_column width=&#8221;1\/3&#8243;][vc_column_text][caw_interacive_banner style=&#8221;5&#8243; heading=&#8221;EMEP ne diyor?&#8221; attach_link=&#8221;url:https%3A%2F%2Fwww.emep.org%2Femek-partisi-program-ve-tuzugu%2F|title:daha%20fazlas%C4%B1&#8230;&#8221; image_id=&#8221;4341&#8243;][\/caw_interacive_banner][\/vc_column_text][\/vc_column][vc_column width=&#8221;1\/3&#8243; el_class=&#8221;marginTop0&#8243;][vc_column_text][caw_interacive_banner style=&#8221;5&#8243; heading=&#8221;Eme\u011fin g\u00f6z\u00fcyle, 10 ba\u015fl\u0131kta bir vir\u00fcs hikayesi&#8221; attach_link=&#8221;url:https%3A%2F%2Fwww.emep.org%2F3d-flip-book%2Femegin-gozuyle-10-baslikta-bir-virus-hikayesi%2F|title:Eme%C4%9Fin%20g%C3%B6z%C3%BCyle%2C%2010%20ba%C5%9Fl%C4%B1kta%20bir%20vir%C3%BCs%20hikayesi&#8221; image_id=&#8221;4342&#8243;][\/caw_interacive_banner][\/vc_column_text][\/vc_column][vc_column width=&#8221;1\/3&#8243; el_class=&#8221;marginTop0&#8243;][vc_column_text][caw_interacive_banner style=&#8221;5&#8243; heading=&#8221;10 soruda g\u00f6\u00e7, m\u00fclteciler ve \u00e7\u00f6z\u00fcm \u00f6nerilerimiz&#8221; attach_link=&#8221;url:https%3A%2F%2Fwww.emep.org%2F3d-flip-book%2F10-soruda-goc-multeciler-ve-cozum-onerilerimiz%2F|title:10%20soruda%20g%C3%B6%C3%A7%2C%20m%C3%BClteciler%20ve%20%C3%A7%C3%B6z%C3%BCm%20%C3%B6nerilerimiz&#8221; image_id=&#8221;4343&#8243;][\/caw_interacive_banner][\/vc_column_text][\/vc_column][\/vc_row][vc_row full_width=&#8221;stretch_row&#8221; css=&#8221;.vc_custom_1642278098126{padding-bottom: 35px !important;background-color: #000000 !important;background-position: center !important;background-repeat: no-repeat !important;background-size: cover !important;}&#8221;][vc_column]\n            <div \n                class=\"elfsight-widget-youtube-gallery elfsight-widget\" \n                data-elfsight-youtube-gallery-options=\"%7B%22channel%22%3A%22https%3A%5C%2F%5C%2Fwww.youtube.com%5C%2Fchannel%5C%2FUC4YBQxKkQ-gDXp-WTPqbYLA%22%2C%22sourceGroups%22%3Anull%2C%22headerVisible%22%3Atrue%2C%22headerLayout%22%3A%22classic%22%2C%22headerInfo%22%3A%5B%22logo%22%2C%22subscribeButton%22%2C%22channelName%22%2C%22channelDescription%22%5D%2C%22headerChannelName%22%3A%22Labour%20Party%22%2C%22headerChannelDescription%22%3A%22Videos%22%2C%22headerChannelLogo%22%3Anull%2C%22headerChannelBanner%22%3Anull%2C%22contentColumns%22%3A4%2C%22contentRows%22%3A1%2C%22contentGutter%22%3A20%2C%22contentResponsive%22%3A%5B%7B%22minWidth%22%3A375%2C%22columns%22%3A1%2C%22rows%22%3A1%2C%22gutter%22%3A%2220%22%7D%2C%7B%22minWidth%22%3A768%2C%22columns%22%3A2%2C%22rows%22%3A1%2C%22gutter%22%3A%2220%22%7D%5D%2C%22width%22%3A%22auto%22%2C%22videoLayout%22%3A%22classic%22%2C%22videoInfo%22%3A%5B%22playIcon%22%2C%22duration%22%2C%22title%22%2C%22date%22%2C%22description%22%5D%2C%22videoPlayMode%22%3A%22popup%22%2C%22popupInfo%22%3A%5B%22title%22%2C%22channelLogo%22%2C%22channelName%22%2C%22subscribeButton%22%2C%22share%22%2C%22date%22%2C%22description%22%2C%22descriptionMoreButton%22%5D%2C%22popupAutoplay%22%3Atrue%2C%22contentDirection%22%3A%22horizontal%22%2C%22contentArrowsControl%22%3Atrue%2C%22contentScrollControl%22%3Afalse%2C%22contentDragControl%22%3Atrue%2C%22contentPaginationControl%22%3Atrue%2C%22contentScrollbar%22%3Afalse%2C%22contentSearch%22%3Afalse%2C%22contentDivider1%22%3Anull%2C%22contentTransitionSpeed%22%3A600%2C%22contentTransitionEffect%22%3A%22slide%22%2C%22contentFreeMode%22%3Afalse%2C%22contentDivider2%22%3Anull%2C%22contentAuto%22%3A0%2C%22contentAutoPauseOnHover%22%3Afalse%2C%22colorScheme%22%3A%22deep-blue%22%2C%22colorHeaderBg%22%3A%22rgb%2850%2C%2081%2C%20108%29%22%2C%22colorHeaderBannerOverlay%22%3A%22rgba%2850%2C%2081%2C%20108%2C%200.81%29%22%2C%22colorHeaderChannelName%22%3A%22rgb%28255%2C%20255%2C%20255%29%22%2C%22colorHeaderChannelNameHover%22%3A%22rgb%2898%2C%20220%2C%20255%29%22%2C%22colorHeaderChannelDescription%22%3A%22rgb%28209%2C%20238%2C%20246%29%22%2C%22colorHeaderAnchor%22%3A%22rgb%2898%2C%20220%2C%20255%29%22%2C%22colorHeaderAnchorHover%22%3A%22rgb%28255%2C%20255%2C%20255%29%22%2C%22colorHeaderCounters%22%3A%22rgb%28140%2C%20170%2C%20197%29%22%2C%22colorGroupsBg%22%3A%22rgb%2833%2C%2056%2C%2075%29%22%2C%22colorGroupsLink%22%3A%22rgb%28255%2C%20255%2C%20255%2C%200.5%29%22%2C%22colorGroupsLinkHover%22%3A%22rgb%28255%2C%20255%2C%20255%29%22%2C%22colorGroupsLinkActive%22%3A%22rgb%2898%2C%20220%2C%20255%29%22%2C%22colorGroupsHighlightHover%22%3A%22rgb%280%2C%20198%2C%20255%29%22%2C%22colorGroupsHighlightActive%22%3A%22rgb%280%2C%20198%2C%20255%29%22%2C%22colorVideoBg%22%3A%22rgb%2833%2C%2056%2C%2075%29%22%2C%22colorVideoOverlay%22%3A%22rgba%285%2C%2025%2C%2043%2C%200.9%29%22%2C%22colorVideoPlayIcon%22%3A%22rgba%28255%2C%20255%2C%20255%2C%200.4%29%22%2C%22colorVideoPlayIconHover%22%3A%22rgba%28255%2C%20255%2C%20255%2C%200.8%29%22%2C%22colorVideoDuration%22%3A%22rgb%28209%2C%20238%2C%20246%29%22%2C%22colorVideoDurationBg%22%3A%22rgba%285%2C%2025%2C%2043%2C%200.81%29%22%2C%22colorVideoTitle%22%3A%22rgb%280%2C%20198%2C%20255%29%22%2C%22colorVideoTitleHover%22%3A%22rgb%28255%2C%20255%2C%20255%29%22%2C%22colorVideoDate%22%3A%22rgba%2890%2C%20130%2C%20165%2C%201%29%22%2C%22colorVideoDescription%22%3A%22rgb%28209%2C%20238%2C%20246%29%22%2C%22colorVideoAnchor%22%3A%22rgb%280%2C%20198%2C%20255%29%22%2C%22colorVideoAnchorHover%22%3A%22rgb%28255%2C%20255%2C%20255%29%22%2C%22colorVideoCounters%22%3A%22rgba%2890%2C%20130%2C%20165%2C%201%29%22%2C%22colorPopupBg%22%3A%22rgb%2833%2C%2056%2C%2075%29%22%2C%22colorPopupAnchor%22%3A%22rgb%280%2C%20198%2C%20255%29%22%2C%22colorPopupAnchorHover%22%3A%22rgb%28255%2C%20255%2C%20255%29%22%2C%22colorPopupOverlay%22%3A%22rgba%284%2C%2017%2C%2028%2C%200.8%29%22%2C%22colorPopupTitle%22%3A%22rgb%28255%2C%20255%2C%20255%29%22%2C%22colorPopupChannelName%22%3A%22rgb%28255%2C%20255%2C%20255%29%22%2C%22colorPopupChannelNameHover%22%3A%22rgb%280%2C%20198%2C%20255%29%22%2C%22colorPopupViewsCounter%22%3A%22rgb%28255%2C%20255%2C%20255%29%22%2C%22colorPopupLikesRatio%22%3A%22rgb%2844%2C%20138%2C%20218%29%22%2C%22colorPopupDislikesRatio%22%3A%22rgb%2851%2C%2079%2C%20102%29%22%2C%22colorPopupLikesCounter%22%3A%22rgba%2890%2C%20130%2C%20165%2C%201%29%22%2C%22colorPopupDislikesCounter%22%3A%22rgba%2890%2C%20130%2C%20165%2C%201%29%22%2C%22colorPopupShare%22%3A%22rgba%2890%2C%20130%2C%20165%2C%201%29%22%2C%22colorPopupDate%22%3A%22rgba%2890%2C%20130%2C%20165%2C%201%29%22%2C%22colorPopupDescription%22%3A%22rgb%28209%2C%20238%2C%20246%29%22%2C%22colorPopupDescriptionMoreButton%22%3A%22rgba%2890%2C%20130%2C%20165%2C%201%29%22%2C%22colorPopupDescriptionMoreButtonHover%22%3A%22rgb%28209%2C%20238%2C%20246%29%22%2C%22colorPopupCommentsUsername%22%3A%22rgb%28255%2C%20255%2C%20255%29%22%2C%22colorPopupCommentsUsernameHover%22%3A%22rgb%280%2C%20198%2C%20255%29%22%2C%22colorPopupCommentsPassedTime%22%3A%22rgba%2890%2C%20130%2C%20165%2C%201%29%22%2C%22colorPopupCommentsLikes%22%3A%22rgba%2890%2C%20130%2C%20165%2C%201%29%22%2C%22colorPopupCommentsText%22%3A%22rgb%28209%2C%20238%2C%20246%29%22%2C%22colorPopupControls%22%3A%22rgb%2868%2C%20107%2C%20140%29%22%2C%22colorPopupControlsHover%22%3A%22rgb%280%2C%20198%2C%20255%29%22%2C%22colorPopupControlsMobile%22%3A%22rgb%2868%2C%20107%2C%20140%29%22%2C%22colorPopupControlsMobileBg%22%3A%22rgb%2833%2C%2056%2C%2075%29%22%2C%22colorContentBg%22%3A%22rgb%2833%2C%2056%2C%2075%29%22%2C%22colorContentArrows%22%3A%22rgb%28255%2C%20255%2C%20255%29%22%2C%22colorContentArrowsHover%22%3A%22rgb%280%2C%20198%2C%20255%29%22%2C%22colorContentArrowsBg%22%3A%22rgba%280%2C%200%2C%200%2C%200.7%29%22%2C%22colorContentArrowsBgHover%22%3A%22rgba%280%2C%200%2C%200%2C%200.95%29%22%2C%22colorContentScrollbarBg%22%3A%22rgb%2850%2C%2081%2C%20108%29%22%2C%22colorContentScrollbarSliderBg%22%3A%22rgb%2866%2C%20114%2C%20156%29%22%2C%22lang%22%3A%22en%22%2C%22adsClient%22%3Anull%2C%22adsSlotsContent%22%3Anull%2C%22adsSlotsPopup%22%3Anull%2C%22noCookies%22%3Anull%2C%22key%22%3A%22AIzaSyDBAySyJqFQMuj-pFpPyBU9vWZ5T5PGUdI%22%2C%22apiUrl%22%3A%22https%3A%5C%2F%5C%2Femep.org%5C%2Fen%5C%2Fwp-json%5C%2Felfsight-youtube-gallery%5C%2Fapi%22%2C%22widgetId%22%3A%221%22%7D\" \n                data-elfsight-youtube-gallery-version=\"3.5.0\"\n                data-elfsight-widget-id=\"elfsight-youtube-gallery-1\">\n            <\/div>\n            [\/vc_column][\/vc_row][vc_row full_width=&#8221;stretch_row&#8221; css=&#8221;.vc_custom_1642278016567{border-bottom-width: 1px !important;padding-top: 20px !important;padding-bottom: 20px !important;background-color: #fbfbfb !important;border-bottom-color: #e0e0e0 !important;border-bottom-style: solid !important;}&#8221;][vc_column el_class=&#8221;marginTop0&#8243;][vc_custom_heading text=&#8221;Latest articles, statements and news&#8221; font_container=&#8221;tag:h2|font_size:23|text_align:left&#8221; use_theme_fonts=&#8221;yes&#8221;][vc_masonry_grid post_type=&#8221;post&#8221; max_items=&#8221;4&#8243; element_width=&#8221;3&#8243; item=&#8221;8610&#8243; grid_id=&#8221;vc_gid:1773753581933-1255de4c-ded3-9&#8243; taxonomies=&#8221;32&#8243;][vc_masonry_grid post_type=&#8221;post&#8221; max_items=&#8221;4&#8243; style=&#8221;lazy&#8221; items_per_page=&#8221;4&#8243; element_width=&#8221;3&#8243; item=&#8221;8610&#8243; grid_id=&#8221;vc_gid:1773753581934-1de21fa2-2938-7&#8243; taxonomies=&#8221;36, 34&#8243;][\/vc_column][\/vc_row]<\/p>\n","protected":false},"excerpt":{"rendered":"<p>[vc_row full_width=&#8221;stretch_row&#8221; css=&#8221;.vc_custom_1642702678654{margin-top: 35px !important;padding-bottom: 10px !important;}&#8221;][vc_column css=&#8221;.vc_custom_1642275465749{padding-bottom: 10px !important;}&#8221;][vc_row_inner][vc_column_inner width=&#8221;5\/6&#8243;][vc_custom_heading text=&#8221;EMEP is a member of the International Conference of Marxist-Leninist Parties and Organizations (CIPOML).&#8221; font_container=&#8221;tag:h3|font_size:18|text_align:left|color:%23000000&#8243; use_theme_fonts=&#8221;yes&#8221; css=&#8221;.vc_custom_1642702663064{padding-top: 10px !important;}&#8221;][\/vc_column_inner][vc_column_inner width=&#8221;1\/6&#8243;][cmsms_button text=&#8221;VISIT CIPOML&#8221; alignment=&#8221;right&#8221; icon_alignment=&#8221;right&#8221; uniqid=&#8221;cmsms_shcd_61e5d43524e416_63706617&#8243; text_settings=&#8221;true&#8221; add_icon=&#8221;true&#8221; icon=&#8221;Theme-Default-Icons-arrow-small-right&#8221; icon_size=&#8221;20&#8243; icon_gap=&#8221;3&#8243; text_font_size=&#8221;12&#8243; css=&#8221;.vc_custom_1642452051938{padding-top: 5px !important;}&#8221; link=&#8221;url:http%3A%2F%2Fcipoml.net%2Fen%2F|target:_blank&#8221;][\/vc_column_inner][\/vc_row_inner][\/vc_column][\/vc_row][vc_row disable_element=&#8221;yes&#8221; css=&#8221;.vc_custom_1642453110853{margin-top: 0px !important;border-top-width: 0px !important;padding-top: 0px !important;padding-bottom: 20px&#8230;<\/p>\n","protected":false},"author":1,"featured_media":0,"parent":0,"menu_order":0,"comment_status":"closed","ping_status":"closed","template":"","meta":{"footnotes":""},"class_list":["post-3641","page","type-page","status-publish","hentry"],"yoast_head":"<!-- This site is optimized with the Yoast SEO plugin v27.2 - https:\/\/yoast.com\/product\/yoast-seo-wordpress\/ -->\n<title>Labour Party, Turkey (EMEP) - Home<\/title>\n<meta name=\"robots\" content=\"index, follow, max-snippet:-1, max-image-preview:large, max-video-preview:-1\" \/>\n<link rel=\"canonical\" href=\"https:\/\/emep.org\/en\/\" \/>\n<meta property=\"og:locale\" content=\"en_GB\" \/>\n<meta property=\"og:type\" content=\"article\" \/>\n<meta property=\"og:title\" content=\"Labour Party, Turkey (EMEP) - Home\" \/>\n<meta property=\"og:description\" content=\"[vc_row full_width=&#8221;stretch_row&#8221; css=&#8221;.vc_custom_1642702678654{margin-top: 35px !important;padding-bottom: 10px !important;}&#8221;][vc_column css=&#8221;.vc_custom_1642275465749{padding-bottom: 10px !important;}&#8221;][vc_row_inner][vc_column_inner width=&#8221;5\/6&#8243;][vc_custom_heading text=&#8221;EMEP is a member of the International Conference of Marxist-Leninist Parties and Organizations (CIPOML).&#8221; font_container=&#8221;tag:h3|font_size:18|text_align:left|color:%23000000&#8243; use_theme_fonts=&#8221;yes&#8221; css=&#8221;.vc_custom_1642702663064{padding-top: 10px !important;}&#8221;][\/vc_column_inner][vc_column_inner width=&#8221;1\/6&#8243;][cmsms_button text=&#8221;VISIT CIPOML&#8221; alignment=&#8221;right&#8221; icon_alignment=&#8221;right&#8221; uniqid=&#8221;cmsms_shcd_61e5d43524e416_63706617&#8243; text_settings=&#8221;true&#8221; add_icon=&#8221;true&#8221; icon=&#8221;Theme-Default-Icons-arrow-small-right&#8221; icon_size=&#8221;20&#8243; icon_gap=&#8221;3&#8243; text_font_size=&#8221;12&#8243; css=&#8221;.vc_custom_1642452051938{padding-top: 5px !important;}&#8221; link=&#8221;url:http%3A%2F%2Fcipoml.net%2Fen%2F|target:_blank&#8221;][\/vc_column_inner][\/vc_row_inner][\/vc_column][\/vc_row][vc_row disable_element=&#8221;yes&#8221; css=&#8221;.vc_custom_1642453110853{margin-top: 0px !important;border-top-width: 0px !important;padding-top: 0px !important;padding-bottom: 20px...\" \/>\n<meta property=\"og:url\" content=\"https:\/\/emep.org\/en\/\" \/>\n<meta property=\"og:site_name\" content=\"Labour Party, Turkey (EMEP)\" \/>\n<meta property=\"article:publisher\" content=\"https:\/\/www.facebook.com\/emekpartisi\" \/>\n<meta property=\"article:modified_time\" content=\"2026-03-17T13:20:06+00:00\" \/>\n<meta property=\"og:image\" content=\"https:\/\/emep.org\/en\/wp-content\/uploads\/2022\/01\/labour-party-emep-logo.png\" \/>\n\t<meta property=\"og:image:width\" content=\"600\" \/>\n\t<meta property=\"og:image:height\" content=\"200\" \/>\n\t<meta property=\"og:image:type\" content=\"image\/png\" \/>\n<meta name=\"twitter:card\" content=\"summary_large_image\" \/>\n<meta name=\"twitter:site\" content=\"@emekpartisi\" \/>\n<meta name=\"twitter:label1\" content=\"Estimated reading time\" \/>\n\t<meta name=\"twitter:data1\" content=\"1 minute\" \/>\n<script type=\"application\/ld+json\" class=\"yoast-schema-graph\">{\"@context\":\"https:\/\/schema.org\",\"@graph\":[{\"@type\":\"WebPage\",\"@id\":\"https:\/\/emep.org\/en\/\",\"url\":\"https:\/\/emep.org\/en\/\",\"name\":\"Labour Party, Turkey (EMEP) - Home\",\"isPartOf\":{\"@id\":\"https:\/\/emep.org\/en\/#website\"},\"datePublished\":\"2016-12-21T09:26:28+00:00\",\"dateModified\":\"2026-03-17T13:20:06+00:00\",\"breadcrumb\":{\"@id\":\"https:\/\/emep.org\/en\/#breadcrumb\"},\"inLanguage\":\"en-GB\",\"potentialAction\":[{\"@type\":\"ReadAction\",\"target\":[\"https:\/\/emep.org\/en\/\"]}]},{\"@type\":\"BreadcrumbList\",\"@id\":\"https:\/\/emep.org\/en\/#breadcrumb\",\"itemListElement\":[{\"@type\":\"ListItem\",\"position\":1,\"name\":\"Home\",\"item\":\"https:\/\/emep.org\/en\/\"},{\"@type\":\"ListItem\",\"position\":2,\"name\":\"Home\"}]},{\"@type\":\"WebSite\",\"@id\":\"https:\/\/emep.org\/en\/#website\",\"url\":\"https:\/\/emep.org\/en\/\",\"name\":\"Labour Party, Turkey (EMEP)\",\"description\":\"Workers of all countries, unite!\",\"publisher\":{\"@id\":\"https:\/\/emep.org\/en\/#organization\"},\"potentialAction\":[{\"@type\":\"SearchAction\",\"target\":{\"@type\":\"EntryPoint\",\"urlTemplate\":\"https:\/\/emep.org\/en\/?s={search_term_string}\"},\"query-input\":{\"@type\":\"PropertyValueSpecification\",\"valueRequired\":true,\"valueName\":\"search_term_string\"}}],\"inLanguage\":\"en-GB\"},{\"@type\":\"Organization\",\"@id\":\"https:\/\/emep.org\/en\/#organization\",\"name\":\"Labour Party, Turkey (EMEP)\",\"url\":\"https:\/\/emep.org\/en\/\",\"logo\":{\"@type\":\"ImageObject\",\"inLanguage\":\"en-GB\",\"@id\":\"https:\/\/emep.org\/en\/#\/schema\/logo\/image\/\",\"url\":\"https:\/\/emep.org\/en\/wp-content\/uploads\/2018\/04\/emep.jpg\",\"contentUrl\":\"https:\/\/emep.org\/en\/wp-content\/uploads\/2018\/04\/emep.jpg\",\"width\":730,\"height\":487,\"caption\":\"Labour Party, Turkey (EMEP)\"},\"image\":{\"@id\":\"https:\/\/emep.org\/en\/#\/schema\/logo\/image\/\"},\"sameAs\":[\"https:\/\/www.facebook.com\/emekpartisi\",\"https:\/\/x.com\/emekpartisi\",\"https:\/\/www.instagram.com\/emekpartisi\/\",\"https:\/\/youtube.com\/emekpartisi\",\"https:\/\/tr.wikipedia.org\/wiki\/Emek_Partisi\"]}]}<\/script>\n<!-- \/ Yoast SEO plugin. -->","yoast_head_json":{"title":"Labour Party, Turkey (EMEP) - Home","robots":{"index":"index","follow":"follow","max-snippet":"max-snippet:-1","max-image-preview":"max-image-preview:large","max-video-preview":"max-video-preview:-1"},"canonical":"https:\/\/emep.org\/en\/","og_locale":"en_GB","og_type":"article","og_title":"Labour Party, Turkey (EMEP) - Home","og_description":"[vc_row full_width=&#8221;stretch_row&#8221; css=&#8221;.vc_custom_1642702678654{margin-top: 35px !important;padding-bottom: 10px !important;}&#8221;][vc_column css=&#8221;.vc_custom_1642275465749{padding-bottom: 10px !important;}&#8221;][vc_row_inner][vc_column_inner width=&#8221;5\/6&#8243;][vc_custom_heading text=&#8221;EMEP is a member of the International Conference of Marxist-Leninist Parties and Organizations (CIPOML).&#8221; font_container=&#8221;tag:h3|font_size:18|text_align:left|color:%23000000&#8243; use_theme_fonts=&#8221;yes&#8221; css=&#8221;.vc_custom_1642702663064{padding-top: 10px !important;}&#8221;][\/vc_column_inner][vc_column_inner width=&#8221;1\/6&#8243;][cmsms_button text=&#8221;VISIT CIPOML&#8221; alignment=&#8221;right&#8221; icon_alignment=&#8221;right&#8221; uniqid=&#8221;cmsms_shcd_61e5d43524e416_63706617&#8243; text_settings=&#8221;true&#8221; add_icon=&#8221;true&#8221; icon=&#8221;Theme-Default-Icons-arrow-small-right&#8221; icon_size=&#8221;20&#8243; icon_gap=&#8221;3&#8243; text_font_size=&#8221;12&#8243; css=&#8221;.vc_custom_1642452051938{padding-top: 5px !important;}&#8221; link=&#8221;url:http%3A%2F%2Fcipoml.net%2Fen%2F|target:_blank&#8221;][\/vc_column_inner][\/vc_row_inner][\/vc_column][\/vc_row][vc_row disable_element=&#8221;yes&#8221; css=&#8221;.vc_custom_1642453110853{margin-top: 0px !important;border-top-width: 0px !important;padding-top: 0px !important;padding-bottom: 20px...","og_url":"https:\/\/emep.org\/en\/","og_site_name":"Labour Party, Turkey (EMEP)","article_publisher":"https:\/\/www.facebook.com\/emekpartisi","article_modified_time":"2026-03-17T13:20:06+00:00","og_image":[{"width":600,"height":200,"url":"https:\/\/emep.org\/en\/wp-content\/uploads\/2022\/01\/labour-party-emep-logo.png","type":"image\/png"}],"twitter_card":"summary_large_image","twitter_site":"@emekpartisi","twitter_misc":{"Estimated reading time":"1 minute"},"schema":{"@context":"https:\/\/schema.org","@graph":[{"@type":"WebPage","@id":"https:\/\/emep.org\/en\/","url":"https:\/\/emep.org\/en\/","name":"Labour Party, Turkey (EMEP) - Home","isPartOf":{"@id":"https:\/\/emep.org\/en\/#website"},"datePublished":"2016-12-21T09:26:28+00:00","dateModified":"2026-03-17T13:20:06+00:00","breadcrumb":{"@id":"https:\/\/emep.org\/en\/#breadcrumb"},"inLanguage":"en-GB","potentialAction":[{"@type":"ReadAction","target":["https:\/\/emep.org\/en\/"]}]},{"@type":"BreadcrumbList","@id":"https:\/\/emep.org\/en\/#breadcrumb","itemListElement":[{"@type":"ListItem","position":1,"name":"Home","item":"https:\/\/emep.org\/en\/"},{"@type":"ListItem","position":2,"name":"Home"}]},{"@type":"WebSite","@id":"https:\/\/emep.org\/en\/#website","url":"https:\/\/emep.org\/en\/","name":"Labour Party, Turkey (EMEP)","description":"Workers of all countries, unite!","publisher":{"@id":"https:\/\/emep.org\/en\/#organization"},"potentialAction":[{"@type":"SearchAction","target":{"@type":"EntryPoint","urlTemplate":"https:\/\/emep.org\/en\/?s={search_term_string}"},"query-input":{"@type":"PropertyValueSpecification","valueRequired":true,"valueName":"search_term_string"}}],"inLanguage":"en-GB"},{"@type":"Organization","@id":"https:\/\/emep.org\/en\/#organization","name":"Labour Party, Turkey (EMEP)","url":"https:\/\/emep.org\/en\/","logo":{"@type":"ImageObject","inLanguage":"en-GB","@id":"https:\/\/emep.org\/en\/#\/schema\/logo\/image\/","url":"https:\/\/emep.org\/en\/wp-content\/uploads\/2018\/04\/emep.jpg","contentUrl":"https:\/\/emep.org\/en\/wp-content\/uploads\/2018\/04\/emep.jpg","width":730,"height":487,"caption":"Labour Party, Turkey (EMEP)"},"image":{"@id":"https:\/\/emep.org\/en\/#\/schema\/logo\/image\/"},"sameAs":["https:\/\/www.facebook.com\/emekpartisi","https:\/\/x.com\/emekpartisi","https:\/\/www.instagram.com\/emekpartisi\/","https:\/\/youtube.com\/emekpartisi","https:\/\/tr.wikipedia.org\/wiki\/Emek_Partisi"]}]}},"_links":{"self":[{"href":"https:\/\/emep.org\/en\/wp-json\/wp\/v2\/pages\/3641","targetHints":{"allow":["GET"]}}],"collection":[{"href":"https:\/\/emep.org\/en\/wp-json\/wp\/v2\/pages"}],"about":[{"href":"https:\/\/emep.org\/en\/wp-json\/wp\/v2\/types\/page"}],"author":[{"embeddable":true,"href":"https:\/\/emep.org\/en\/wp-json\/wp\/v2\/users\/1"}],"replies":[{"embeddable":true,"href":"https:\/\/emep.org\/en\/wp-json\/wp\/v2\/comments?post=3641"}],"version-history":[{"count":40,"href":"https:\/\/emep.org\/en\/wp-json\/wp\/v2\/pages\/3641\/revisions"}],"predecessor-version":[{"id":8691,"href":"https:\/\/emep.org\/en\/wp-json\/wp\/v2\/pages\/3641\/revisions\/8691"}],"wp:attachment":[{"href":"https:\/\/emep.org\/en\/wp-json\/wp\/v2\/media?parent=3641"}],"curies":[{"name":"wp","href":"https:\/\/api.w.org\/{rel}","templated":true}]}}